{"id":5841,"date":"2022-04-17T14:37:24","date_gmt":"2022-04-17T12:37:24","guid":{"rendered":"https:\/\/www.varainhankkija.fi\/kauppa\/?post_type=product&#038;p=5841"},"modified":"2023-12-17T18:20:03","modified_gmt":"2023-12-17T16:20:03","slug":"finnkino-elokuvalippu","status":"publish","type":"product","link":"https:\/\/www.varainhankkija.fi\/kauppa\/tuote\/finnkino-elokuvalippu\/","title":{"rendered":"Finnkino elokuvalippu"},"content":{"rendered":"<p>Rajoitukset:<\/p>\n<ul>\n<li>Lippu ei k\u00e4y Event Cinema -n\u00e4yt\u00f6ksiin (ellei erikseen ole toisin mainittu).<\/li>\n<li>Premium-paikoille sek\u00e4 Premium-salien n\u00e4yt\u00f6ksiin on lis\u00e4maksu\n<ul>\n<li>IMAX + 4 \u20ac, iSENSE + 3 \u20ac, LUXE + 3 \u20ac, LOUNGE + 6 \u20ac, Maxim + 2 \u20ac ja Sello VIP + 2 \u20ac<\/li>\n<\/ul>\n<\/li>\n<li>Lipulla ei ole palautusoikeutta. Vanhentuneita lippuja ei vaihdeta eik\u00e4 lunasteta takaisin eik\u00e4 niiden voimassaoloaikaa voi pident\u00e4\u00e4.<\/li>\n<\/ul>\n","protected":false},"excerpt":{"rendered":"<p>Finnkinon s\u00e4hk\u00f6inen elokuvalippu. Lippu k\u00e4y my\u00f6s 3D-n\u00e4yt\u00f6ksiin.<\/p>\n<ul>\n<li>Hyv\u00e4 lahjaidea!<\/li>\n<li>K\u00e4yt\u00e4 helposti my\u00f6s verkkokaupassa<\/li>\n<li>Voimassa 6kk<\/li>\n<\/ul>\n<p>Lipun sarjanumero toimitetaan s\u00e4hk\u00f6postiisi. Lipun voi lunastaa Finnkinon verkkokaupassa tai teatterissa.<\/p>\n","protected":false},"featured_media":6214,"template":"","meta":{"site-sidebar-layout":"default","site-content-layout":"default","ast-site-content-layout":"default","site-content-style":"default","site-sidebar-style":"default","ast-global-header-display":"","ast-banner-title-visibility":"","ast-main-header-display":"","ast-hfb-above-header-display":"","ast-hfb-below-header-display":"","ast-hfb-mobile-header-display":"","site-post-title":"","ast-breadcrumbs-content":"","ast-featured-img":"","footer-sml-layout":"","theme-transparent-header-meta":"default","adv-header-id-meta":"","stick-header-meta":"","header-above-stick-meta":"","header-main-stick-meta":"","header-below-stick-meta":"","astra-migrate-meta-layouts":"set","ast-page-background-enabled":"default","ast-page-background-meta":{"desktop":{"background-color":"","background-image":"","background-repeat":"repeat","background-position":"center center","background-size":"auto","background-attachment":"scroll","background-type":"","background-media":"","overlay-type":"","overlay-color":"","overlay-gradient":""},"tablet":{"background-color":"","background-image":"","background-repeat":"repeat","background-position":"center center","background-size":"auto","background-attachment":"scroll","background-type":"","background-media":"","overlay-type":"","overlay-color":"","overlay-gradient":""},"mobile":{"background-color":"","background-image":"","background-repeat":"repeat","background-position":"center center","background-size":"auto","background-attachment":"scroll","background-type":"","background-media":"","overlay-type":"","overlay-color":"","overlay-gradient":""}},"ast-content-background-meta":{"desktop":{"background-color":"var(--ast-global-color-5)","background-image":"","background-repeat":"repeat","background-position":"center center","background-size":"auto","background-attachment":"scroll","background-type":"","background-media":"","overlay-type":"","overlay-color":"","overlay-gradient":""},"tablet":{"background-color":"var(--ast-global-color-5)","background-image":"","background-repeat":"repeat","background-position":"center center","background-size":"auto","background-attachment":"scroll","background-type":"","background-media":"","overlay-type":"","overlay-color":"","overlay-gradient":""},"mobile":{"background-color":"var(--ast-global-color-5)","background-image":"","background-repeat":"repeat","background-position":"center center","background-size":"auto","background-attachment":"scroll","background-type":"","background-media":"","overlay-type":"","overlay-color":"","overlay-gradient":""}}},"product_cat":[57],"product_tag":[],"yoast_head":"<!-- This site is optimized with the Yoast SEO plugin v21.7 - https:\/\/yoast.com\/wordpress\/plugins\/seo\/ -->\n<title>Finnkino elokuvalippu - Varainhankkija.fi<\/title>\n<meta name=\"description\" content=\"Varainhankkija.fi tarjoaa nyt Finnkinon elokuvalippuja varainhankintatuotteena! \ud83d\udcfd\ud83c\udfac\ud83d\udcb0 Aloittakaa oma varainhankinta minuuteissa.\" \/>\n<meta name=\"robots\" content=\"index, follow, max-snippet:-1, max-image-preview:large, max-video-preview:-1\" \/>\n<link rel=\"canonical\" href=\"https:\/\/www.varainhankkija.fi\/kauppa\/tuote\/finnkino-elokuvalippu\/\" \/>\n<meta property=\"og:locale\" content=\"fi_FI\" \/>\n<meta property=\"og:type\" content=\"article\" \/>\n<meta property=\"og:title\" content=\"Finnkino elokuvalippu - Varainhankkija.fi\" \/>\n<meta property=\"og:description\" content=\"Varainhankkija.fi tarjoaa nyt Finnkinon elokuvalippuja varainhankintatuotteena! \ud83d\udcfd\ud83c\udfac\ud83d\udcb0 Aloittakaa oma varainhankinta minuuteissa.\" \/>\n<meta property=\"og:url\" content=\"https:\/\/www.varainhankkija.fi\/kauppa\/tuote\/finnkino-elokuvalippu\/\" \/>\n<meta property=\"og:site_name\" content=\"Varainhankkija.fi\" \/>\n<meta property=\"article:modified_time\" content=\"2023-12-17T16:20:03+00:00\" \/>\n<meta property=\"og:image\" content=\"https:\/\/www.varainhankkija.fi\/kauppa\/wp-content\/uploads\/2022\/04\/Finnkino-1kpl.jpg\" \/>\n\t<meta property=\"og:image:width\" content=\"1200\" \/>\n\t<meta property=\"og:image:height\" content=\"900\" \/>\n\t<meta property=\"og:image:type\" content=\"image\/jpeg\" \/>\n<meta name=\"twitter:card\" content=\"summary_large_image\" \/>\n<meta name=\"twitter:label1\" content=\"Arvioitu lukuaika\" \/>\n\t<meta name=\"twitter:data1\" content=\"1 minuutti\" \/>\n<script type=\"application\/ld+json\" class=\"yoast-schema-graph\">{\"@context\":\"https:\/\/schema.org\",\"@graph\":[{\"@type\":\"WebPage\",\"@id\":\"https:\/\/www.varainhankkija.fi\/kauppa\/tuote\/finnkino-elokuvalippu\/\",\"url\":\"https:\/\/www.varainhankkija.fi\/kauppa\/tuote\/finnkino-elokuvalippu\/\",\"name\":\"Finnkino elokuvalippu - Varainhankkija.fi\",\"isPartOf\":{\"@id\":\"https:\/\/www.varainhankkija.fi\/kauppa\/#website\"},\"datePublished\":\"2022-04-17T12:37:24+00:00\",\"dateModified\":\"2023-12-17T16:20:03+00:00\",\"description\":\"Varainhankkija.fi tarjoaa nyt Finnkinon elokuvalippuja varainhankintatuotteena! \ud83d\udcfd\ud83c\udfac\ud83d\udcb0 Aloittakaa oma varainhankinta minuuteissa.\",\"breadcrumb\":{\"@id\":\"https:\/\/www.varainhankkija.fi\/kauppa\/tuote\/finnkino-elokuvalippu\/#breadcrumb\"},\"inLanguage\":\"fi\",\"potentialAction\":[{\"@type\":\"ReadAction\",\"target\":[\"https:\/\/www.varainhankkija.fi\/kauppa\/tuote\/finnkino-elokuvalippu\/\"]}]},{\"@type\":\"BreadcrumbList\",\"@id\":\"https:\/\/www.varainhankkija.fi\/kauppa\/tuote\/finnkino-elokuvalippu\/#breadcrumb\",\"itemListElement\":[{\"@type\":\"ListItem\",\"position\":1,\"name\":\"Home\",\"item\":\"https:\/\/www.varainhankkija.fi\/kauppa\/\"},{\"@type\":\"ListItem\",\"position\":2,\"name\":\"Tuotteet\",\"item\":\"https:\/\/www.varainhankkija.fi\/kauppa\/tuotteet\/\"},{\"@type\":\"ListItem\",\"position\":3,\"name\":\"Finnkino elokuvalippu\"}]},{\"@type\":\"WebSite\",\"@id\":\"https:\/\/www.varainhankkija.fi\/kauppa\/#website\",\"url\":\"https:\/\/www.varainhankkija.fi\/kauppa\/\",\"name\":\"Varainhankkija.fi\",\"description\":\"\",\"publisher\":{\"@id\":\"https:\/\/www.varainhankkija.fi\/kauppa\/#organization\"},\"potentialAction\":[{\"@type\":\"SearchAction\",\"target\":{\"@type\":\"EntryPoint\",\"urlTemplate\":\"https:\/\/www.varainhankkija.fi\/kauppa\/?s={search_term_string}\"},\"query-input\":\"required name=search_term_string\"}],\"inLanguage\":\"fi\"},{\"@type\":\"Organization\",\"@id\":\"https:\/\/www.varainhankkija.fi\/kauppa\/#organization\",\"name\":\"Varainhankkija.fi - Kauppa\",\"url\":\"https:\/\/www.varainhankkija.fi\/kauppa\/\",\"logo\":{\"@type\":\"ImageObject\",\"inLanguage\":\"fi\",\"@id\":\"https:\/\/www.varainhankkija.fi\/kauppa\/#\/schema\/logo\/image\/\",\"url\":\"https:\/\/www.varainhankkija.fi\/kauppa\/wp-content\/uploads\/2018\/11\/Capture.png\",\"contentUrl\":\"https:\/\/www.varainhankkija.fi\/kauppa\/wp-content\/uploads\/2018\/11\/Capture.png\",\"width\":384,\"height\":404,\"caption\":\"Varainhankkija.fi - Kauppa\"},\"image\":{\"@id\":\"https:\/\/www.varainhankkija.fi\/kauppa\/#\/schema\/logo\/image\/\"}}]}<\/script>\n<!-- \/ Yoast SEO plugin. -->","yoast_head_json":{"title":"Finnkino elokuvalippu - Varainhankkija.fi","description":"Varainhankkija.fi tarjoaa nyt Finnkinon elokuvalippuja varainhankintatuotteena! \ud83d\udcfd\ud83c\udfac\ud83d\udcb0 Aloittakaa oma varainhankinta minuuteissa.","robots":{"index":"index","follow":"follow","max-snippet":"max-snippet:-1","max-image-preview":"max-image-preview:large","max-video-preview":"max-video-preview:-1"},"canonical":"https:\/\/www.varainhankkija.fi\/kauppa\/tuote\/finnkino-elokuvalippu\/","og_locale":"fi_FI","og_type":"article","og_title":"Finnkino elokuvalippu - Varainhankkija.fi","og_description":"Varainhankkija.fi tarjoaa nyt Finnkinon elokuvalippuja varainhankintatuotteena! \ud83d\udcfd\ud83c\udfac\ud83d\udcb0 Aloittakaa oma varainhankinta minuuteissa.","og_url":"https:\/\/www.varainhankkija.fi\/kauppa\/tuote\/finnkino-elokuvalippu\/","og_site_name":"Varainhankkija.fi","article_modified_time":"2023-12-17T16:20:03+00:00","og_image":[{"width":1200,"height":900,"url":"https:\/\/www.varainhankkija.fi\/kauppa\/wp-content\/uploads\/2022\/04\/Finnkino-1kpl.jpg","type":"image\/jpeg"}],"twitter_card":"summary_large_image","twitter_misc":{"Arvioitu lukuaika":"1 minuutti"},"schema":{"@context":"https:\/\/schema.org","@graph":[{"@type":"WebPage","@id":"https:\/\/www.varainhankkija.fi\/kauppa\/tuote\/finnkino-elokuvalippu\/","url":"https:\/\/www.varainhankkija.fi\/kauppa\/tuote\/finnkino-elokuvalippu\/","name":"Finnkino elokuvalippu - Varainhankkija.fi","isPartOf":{"@id":"https:\/\/www.varainhankkija.fi\/kauppa\/#website"},"datePublished":"2022-04-17T12:37:24+00:00","dateModified":"2023-12-17T16:20:03+00:00","description":"Varainhankkija.fi tarjoaa nyt Finnkinon elokuvalippuja varainhankintatuotteena! \ud83d\udcfd\ud83c\udfac\ud83d\udcb0 Aloittakaa oma varainhankinta minuuteissa.","breadcrumb":{"@id":"https:\/\/www.varainhankkija.fi\/kauppa\/tuote\/finnkino-elokuvalippu\/#breadcrumb"},"inLanguage":"fi","potentialAction":[{"@type":"ReadAction","target":["https:\/\/www.varainhankkija.fi\/kauppa\/tuote\/finnkino-elokuvalippu\/"]}]},{"@type":"BreadcrumbList","@id":"https:\/\/www.varainhankkija.fi\/kauppa\/tuote\/finnkino-elokuvalippu\/#breadcrumb","itemListElement":[{"@type":"ListItem","position":1,"name":"Home","item":"https:\/\/www.varainhankkija.fi\/kauppa\/"},{"@type":"ListItem","position":2,"name":"Tuotteet","item":"https:\/\/www.varainhankkija.fi\/kauppa\/tuotteet\/"},{"@type":"ListItem","position":3,"name":"Finnkino elokuvalippu"}]},{"@type":"WebSite","@id":"https:\/\/www.varainhankkija.fi\/kauppa\/#website","url":"https:\/\/www.varainhankkija.fi\/kauppa\/","name":"Varainhankkija.fi","description":"","publisher":{"@id":"https:\/\/www.varainhankkija.fi\/kauppa\/#organization"},"potentialAction":[{"@type":"SearchAction","target":{"@type":"EntryPoint","urlTemplate":"https:\/\/www.varainhankkija.fi\/kauppa\/?s={search_term_string}"},"query-input":"required name=search_term_string"}],"inLanguage":"fi"},{"@type":"Organization","@id":"https:\/\/www.varainhankkija.fi\/kauppa\/#organization","name":"Varainhankkija.fi - Kauppa","url":"https:\/\/www.varainhankkija.fi\/kauppa\/","logo":{"@type":"ImageObject","inLanguage":"fi","@id":"https:\/\/www.varainhankkija.fi\/kauppa\/#\/schema\/logo\/image\/","url":"https:\/\/www.varainhankkija.fi\/kauppa\/wp-content\/uploads\/2018\/11\/Capture.png","contentUrl":"https:\/\/www.varainhankkija.fi\/kauppa\/wp-content\/uploads\/2018\/11\/Capture.png","width":384,"height":404,"caption":"Varainhankkija.fi - Kauppa"},"image":{"@id":"https:\/\/www.varainhankkija.fi\/kauppa\/#\/schema\/logo\/image\/"}}]}},"_links":{"self":[{"href":"https:\/\/www.varainhankkija.fi\/kauppa\/wp-json\/wp\/v2\/product\/5841"}],"collection":[{"href":"https:\/\/www.varainhankkija.fi\/kauppa\/wp-json\/wp\/v2\/product"}],"about":[{"href":"https:\/\/www.varainhankkija.fi\/kauppa\/wp-json\/wp\/v2\/types\/product"}],"version-history":[{"count":5,"href":"https:\/\/www.varainhankkija.fi\/kauppa\/wp-json\/wp\/v2\/product\/5841\/revisions"}],"predecessor-version":[{"id":6225,"href":"https:\/\/www.varainhankkija.fi\/kauppa\/wp-json\/wp\/v2\/product\/5841\/revisions\/6225"}],"wp:featuredmedia":[{"embeddable":true,"href":"https:\/\/www.varainhankkija.fi\/kauppa\/wp-json\/wp\/v2\/media\/6214"}],"wp:attachment":[{"href":"https:\/\/www.varainhankkija.fi\/kauppa\/wp-json\/wp\/v2\/media?parent=5841"}],"wp:term":[{"taxonomy":"product_cat","embeddable":true,"href":"https:\/\/www.varainhankkija.fi\/kauppa\/wp-json\/wp\/v2\/product_cat?post=5841"},{"taxonomy":"product_tag","embeddable":true,"href":"https:\/\/www.varainhankkija.fi\/kauppa\/wp-json\/wp\/v2\/product_tag?post=5841"}],"curies":[{"name":"wp","href":"https:\/\/api.w.org\/{rel}","templated":true}]}}